{"id":931,"date":"2018-08-16T10:51:46","date_gmt":"2018-08-16T08:51:46","guid":{"rendered":"http:\/\/www.ortorea.hr\/?page_id=931"},"modified":"2022-09-20T09:49:31","modified_gmt":"2022-09-20T07:49:31","slug":"uvjeti-koristenja","status":"publish","type":"page","link":"https:\/\/www.ortorea.hr\/public\/uvjeti-koristenja\/","title":{"rendered":"Uvjeti kori\u0161tenja"},"content":{"rendered":"<ol>\n<li>OP\u0106E ODREDBE<\/li>\n<\/ol>\n<p>INFORMACIJE O USTANOVI<\/p>\n<p>Orto Rea d.o.o., Bra\u0107e Radi\u0107 52\/b, 42000 Jalkovec,<\/p>\n<p>OIB: 49311953202<\/p>\n<p>MBS: 00157201<\/p>\n<p>Tvrtka upisana u trgova\u010dki registar: Trgova\u010dki sud u <span class=\"m_-7125407098422813407tabletitle2\"><span lang=\"HR\">\u00a0Vara\u017edinu pod brojem\u00a0<\/span><\/span><span class=\"m_-7125407098422813407tabletextfield\"><span lang=\"HR\">07002813<\/span><\/span><\/p>\n<p>\u017diro ra\u010duni: ZABA 2360000-1101722985: RBA 2484008-1104014814, IBAN: HR1523600001500235565, Swift: ZABAHR2X kod Zagreba\u010dke banke<br \/>\nIznos temeljnoga kapitala dru\u0161tva:\u00a0 100.000,00 kuna\/ iznos upla\u0107en u cijelosti,<\/p>\n<p>Predsjednik uprave: Dalibor Babi\u0107, ostali \u010dlanovi dru\u0161tva: Dalibor Babi\u0107<\/p>\n<p>E-mail adrea:\u00a0<a href=\"mailto:info@ortorea.hr\">info@ortorea.hr<\/a><\/p>\n<p>Telefon:\u00a0 +385 42 350 744<\/p>\n<p>Izjava privatnosti o za\u0161titi podataka na\u0161e web stranice temelji se na pojmovima koje koristi europski zakonodavac za dono\u0161enje Op\u0107e uredbe o za\u0161titi podataka (GDPR). Na\u0161a izjava o za\u0161titi podataka trebala bi biti \u010ditljiva i razumljiva za \u0161iroku javnost, kao i na na\u0161e klijente i poslovne partnere. Da bismo to osigurali, \u017eelimo po\u010deti obja\u0161njavanjem kori\u0161tene terminologije.<\/p>\n<p><strong>Va\u0161a prava<\/strong><\/p>\n<p>U skladu s propisima o za\u0161titi privatnosti podataka pripadaju Vam sljede\u0107a prava:<\/p>\n<ul>\n<li>Pravo na informacije o Va\u0161im osobnim podacima koje smo pohranili;<\/li>\n<li>Pravo na tra\u017eenje ispravka, brisanje ili ograni\u010davanje obrade Va\u0161ih osobnih podataka;<\/li>\n<li>Pravo na prigovor na obradu podataka za razloge iz na\u0161eg vlastitog legitimnog interesa, javnog interesa, ili profiliranja, osim ako ne mo\u017eemo dokazati da postoje uvjerljivi, opravdani razlozi koji nadilaze Va\u0161e interese, prava i slobodu, ili da se takva obrada provodi u svrhu potvrde, primjene ili obrane pravnih zahtjeva;<\/li>\n<li>Pravo na prijenos podataka;<\/li>\n<li>Pravo na podno\u0161enje \u017ealbe tijelu koje je nadle\u017eno za za\u0161titu podataka;<\/li>\n<li>Mo\u017eete u bilo kojem trenutku s budu\u0107im u\u010dinkom opozvati Va\u0161u privolu vezanu uz prikupljanje, obradu i kori\u0161tenje Va\u0161ih osobnih podataka. Za daljnje informacije pogledajte poglavlja iznad koja opisuju obradu podataka na temelju Va\u0161e privole.<\/li>\n<\/ul>\n<p>Ako \u017eelite iskoristiti Va\u0161a prava, obratite se Va\u0161im zahtjevom kontaktu navedenom ispod.<\/p>\n<ol start=\"2\">\n<li><strong>Telekomunikacija<\/strong><\/li>\n<\/ol>\n<p>Orto Rea korisniku omogu\u0107uje komunikacija preko chata, kontakt forme, e-mail po\u0161te te drugim telekomunikacijskim oblicima. Ovi kanali komunikacije isklju\u010divo slu\u017ee u svrhu postavljanja upita o uslugama i proizvodima.<\/p>\n<p>Svaka zloupotreba komunikacije kao \u0161to je slanje neprimjerenog sadr\u017eaja putem poruka, fotografija, videozapisa i sli\u010dnih oblika koji sadr\u017ee viruse te maliciozne programe, ne smije se upotrebljavati, i biti \u0107e prekinuta od strane Orto Rea kako ne bi negativno utjecala na operativne sustave.<\/p>\n<ol start=\"3\">\n<li><strong>Primjena Prava<\/strong><\/li>\n<\/ol>\n<p>Orto Rea\u00a0 je registrirana u sudskom registru Trgova\u010dkog suda u Vara\u017edinu, Republika Hrvatska te u obavljanju svojih registriranih djelatnosti primjenjuje pravne propise Republike Hrvatske i primjenjive propise EU.<\/p>\n<ol start=\"4\">\n<li><strong>Politika kola\u010di\u0107a (cookies)<\/strong><\/li>\n<\/ol>\n<p>Internet stranice Orto Rea koriste kola\u010di\u0107e. Kola\u010di\u0107i su tekstualne datoteke pohranjene u ra\u010dunalnom sustavu putem internetskog preglednika.<\/p>\n<p>Mnoge internetske stranice i poslu\u017eitelji koriste kola\u010di\u0107e. Mnogi kola\u010di\u0107i sadr\u017ee takozvani ID. ID kola\u010di\u0107a jedinstven je identifikator kola\u010di\u0107a. Sastoji se od niza znakova putem kojeg se internetske stranice i poslu\u017eitelji mogu dodijeliti odre\u0111enom internetskom pregledniku u kojem je pohranjen kola\u010di\u0107.<\/p>\n<ol start=\"5\">\n<li><strong>Zavr\u0161ne odredbe<\/strong><\/li>\n<\/ol>\n<p>Za sva ostala pitanja u vezi Op\u0107ih pravila i uvjeta kori\u0161tenja web stranice www.ortorea.hr, mo\u017eete nam se obratiti putem\u00a0 telefona, elektronske po\u0161te ili slanjem upita na na\u0161u adresu:<\/p>\n<p><b>Orto Rea d.o.o.<\/b><\/p>\n<p>Bra\u0107e Radi\u0107 52\/b,<br \/>\n42000 Jalkovec, Hrvatska<br \/>\nE-mail adresa: info@ortorea.hr<br \/>\ntel. +385 42 350 744<\/p>\n<p><strong>A\u017euriranje izjave o privatnosti<\/strong><\/p>\n<p>S vremenom mo\u017eemo a\u017eurirati na\u0161u izjavu o privatnosti. Sve promjene vezane uz Izjave o privatnosti biti \u0107e objavljene na na\u0161oj web stranici. Iz tog razloga redovno pratite promjene na na\u0161oj web stranici kako biste bili upoznati sa svim mogu\u0107im a\u017euriranjima.<\/p>\n","protected":false},"excerpt":{"rendered":"<p>OP\u0106E ODREDBE INFORMACIJE O USTANOVI Orto Rea d.o.o., Bra\u0107e Radi\u0107 52\/b, 42000 Jalkovec, OIB: 49311953202 MBS: 00157201 Tvrtka upisana u trgova\u010dki registar: Trgova\u010dki sud u \u00a0Vara\u017edinu pod brojem\u00a007002813 \u017diro ra\u010duni: ZABA 2360000-1101722985: RBA 2484008-1104014814, IBAN: HR1523600001500235565, Swift: ZABAHR2X kod Zagreba\u010dke banke Iznos temeljnoga kapitala dru\u0161tva:\u00a0 100.000,00 kuna\/ iznos upla\u0107en u cijelosti, Predsjednik uprave: Dalibor Babi\u0107, [&hellip;]<\/p>\n","protected":false},"author":2,"featured_media":0,"parent":0,"menu_order":0,"comment_status":"closed","ping_status":"closed","template":"tpl-about-us.php","meta":{"_acf_changed":false,"footnotes":""},"class_list":["post-931","page","type-page","status-publish","hentry"],"acf":[],"yoast_head":"<!-- This site is optimized with the Yoast SEO plugin v27.2 - https:\/\/yoast.com\/product\/yoast-seo-wordpress\/ -->\n<title>Uvjeti kori\u0161tenja - Orto Rea<\/title>\n<meta name=\"robots\" content=\"index, follow, max-snippet:-1, max-image-preview:large, max-video-preview:-1\" \/>\n<link rel=\"canonical\" href=\"https:\/\/www.ortorea.hr\/public\/uvjeti-koristenja\/\" \/>\n<meta property=\"og:locale\" content=\"hr_HR\" \/>\n<meta property=\"og:type\" content=\"article\" \/>\n<meta property=\"og:title\" content=\"Uvjeti kori\u0161tenja - Orto Rea\" \/>\n<meta property=\"og:description\" content=\"OP\u0106E ODREDBE INFORMACIJE O USTANOVI Orto Rea d.o.o., Bra\u0107e Radi\u0107 52\/b, 42000 Jalkovec, OIB: 49311953202 MBS: 00157201 Tvrtka upisana u trgova\u010dki registar: Trgova\u010dki sud u \u00a0Vara\u017edinu pod brojem\u00a007002813 \u017diro ra\u010duni: ZABA 2360000-1101722985: RBA 2484008-1104014814, IBAN: HR1523600001500235565, Swift: ZABAHR2X kod Zagreba\u010dke banke Iznos temeljnoga kapitala dru\u0161tva:\u00a0 100.000,00 kuna\/ iznos upla\u0107en u cijelosti, Predsjednik uprave: Dalibor Babi\u0107, [&hellip;]\" \/>\n<meta property=\"og:url\" content=\"https:\/\/www.ortorea.hr\/public\/uvjeti-koristenja\/\" \/>\n<meta property=\"og:site_name\" content=\"Orto Rea\" \/>\n<meta property=\"article:publisher\" content=\"https:\/\/www.facebook.com\/pages\/category\/Disability-Service\/Orto-Rea-229051924128695\/\" \/>\n<meta property=\"article:modified_time\" content=\"2022-09-20T07:49:31+00:00\" \/>\n<meta property=\"og:image\" content=\"https:\/\/www.ortorea.hr\/public\/wp-content\/uploads\/2018\/09\/Orto-rea-web-stranica.jpg\" \/>\n\t<meta property=\"og:image:width\" content=\"1200\" \/>\n\t<meta property=\"og:image:height\" content=\"650\" \/>\n\t<meta property=\"og:image:type\" content=\"image\/jpeg\" \/>\n<meta name=\"twitter:card\" content=\"summary_large_image\" \/>\n<meta name=\"twitter:label1\" content=\"Procijenjeno vrijeme \u010ditanja\" \/>\n\t<meta name=\"twitter:data1\" content=\"3 minute\" \/>\n<script type=\"application\/ld+json\" class=\"yoast-schema-graph\">{\"@context\":\"https:\/\/schema.org\",\"@graph\":[{\"@type\":\"WebPage\",\"@id\":\"https:\/\/www.ortorea.hr\/public\/uvjeti-koristenja\/\",\"url\":\"https:\/\/www.ortorea.hr\/public\/uvjeti-koristenja\/\",\"name\":\"Uvjeti kori\u0161tenja - Orto Rea\",\"isPartOf\":{\"@id\":\"https:\/\/www.ortorea.hr\/public\/#website\"},\"datePublished\":\"2018-08-16T08:51:46+00:00\",\"dateModified\":\"2022-09-20T07:49:31+00:00\",\"breadcrumb\":{\"@id\":\"https:\/\/www.ortorea.hr\/public\/uvjeti-koristenja\/#breadcrumb\"},\"inLanguage\":\"hr\",\"potentialAction\":[{\"@type\":\"ReadAction\",\"target\":[\"https:\/\/www.ortorea.hr\/public\/uvjeti-koristenja\/\"]}]},{\"@type\":\"BreadcrumbList\",\"@id\":\"https:\/\/www.ortorea.hr\/public\/uvjeti-koristenja\/#breadcrumb\",\"itemListElement\":[{\"@type\":\"ListItem\",\"position\":1,\"name\":\"Po\u010detna stranica\",\"item\":\"https:\/\/www.ortorea.hr\/public\/\"},{\"@type\":\"ListItem\",\"position\":2,\"name\":\"Uvjeti kori\u0161tenja\"}]},{\"@type\":\"WebSite\",\"@id\":\"https:\/\/www.ortorea.hr\/public\/#website\",\"url\":\"https:\/\/www.ortorea.hr\/public\/\",\"name\":\"Orto Rea\",\"description\":\"ortopedska i medicinska pomagala\",\"publisher\":{\"@id\":\"https:\/\/www.ortorea.hr\/public\/#organization\"},\"potentialAction\":[{\"@type\":\"SearchAction\",\"target\":{\"@type\":\"EntryPoint\",\"urlTemplate\":\"https:\/\/www.ortorea.hr\/public\/?s={search_term_string}\"},\"query-input\":{\"@type\":\"PropertyValueSpecification\",\"valueRequired\":true,\"valueName\":\"search_term_string\"}}],\"inLanguage\":\"hr\"},{\"@type\":\"Organization\",\"@id\":\"https:\/\/www.ortorea.hr\/public\/#organization\",\"name\":\"Orto Rea\",\"url\":\"https:\/\/www.ortorea.hr\/public\/\",\"logo\":{\"@type\":\"ImageObject\",\"inLanguage\":\"hr\",\"@id\":\"https:\/\/www.ortorea.hr\/public\/#\/schema\/logo\/image\/\",\"url\":\"https:\/\/www.ortorea.hr\/public\/wp-content\/uploads\/2020\/08\/Orto-rea-logo-512x512-1.jpg\",\"contentUrl\":\"https:\/\/www.ortorea.hr\/public\/wp-content\/uploads\/2020\/08\/Orto-rea-logo-512x512-1.jpg\",\"width\":512,\"height\":512,\"caption\":\"Orto Rea\"},\"image\":{\"@id\":\"https:\/\/www.ortorea.hr\/public\/#\/schema\/logo\/image\/\"},\"sameAs\":[\"https:\/\/www.facebook.com\/pages\/category\/Disability-Service\/Orto-Rea-229051924128695\/\",\"https:\/\/www.youtube.com\/channel\/UC6hWAJF9VHxOxHe8Eo90OSQ\"]}]}<\/script>\n<!-- \/ Yoast SEO plugin. -->","yoast_head_json":{"title":"Uvjeti kori\u0161tenja - Orto Rea","robots":{"index":"index","follow":"follow","max-snippet":"max-snippet:-1","max-image-preview":"max-image-preview:large","max-video-preview":"max-video-preview:-1"},"canonical":"https:\/\/www.ortorea.hr\/public\/uvjeti-koristenja\/","og_locale":"hr_HR","og_type":"article","og_title":"Uvjeti kori\u0161tenja - Orto Rea","og_description":"OP\u0106E ODREDBE INFORMACIJE O USTANOVI Orto Rea d.o.o., Bra\u0107e Radi\u0107 52\/b, 42000 Jalkovec, OIB: 49311953202 MBS: 00157201 Tvrtka upisana u trgova\u010dki registar: Trgova\u010dki sud u \u00a0Vara\u017edinu pod brojem\u00a007002813 \u017diro ra\u010duni: ZABA 2360000-1101722985: RBA 2484008-1104014814, IBAN: HR1523600001500235565, Swift: ZABAHR2X kod Zagreba\u010dke banke Iznos temeljnoga kapitala dru\u0161tva:\u00a0 100.000,00 kuna\/ iznos upla\u0107en u cijelosti, Predsjednik uprave: Dalibor Babi\u0107, [&hellip;]","og_url":"https:\/\/www.ortorea.hr\/public\/uvjeti-koristenja\/","og_site_name":"Orto Rea","article_publisher":"https:\/\/www.facebook.com\/pages\/category\/Disability-Service\/Orto-Rea-229051924128695\/","article_modified_time":"2022-09-20T07:49:31+00:00","og_image":[{"width":1200,"height":650,"url":"https:\/\/www.ortorea.hr\/public\/wp-content\/uploads\/2018\/09\/Orto-rea-web-stranica.jpg","type":"image\/jpeg"}],"twitter_card":"summary_large_image","twitter_misc":{"Procijenjeno vrijeme \u010ditanja":"3 minute"},"schema":{"@context":"https:\/\/schema.org","@graph":[{"@type":"WebPage","@id":"https:\/\/www.ortorea.hr\/public\/uvjeti-koristenja\/","url":"https:\/\/www.ortorea.hr\/public\/uvjeti-koristenja\/","name":"Uvjeti kori\u0161tenja - Orto Rea","isPartOf":{"@id":"https:\/\/www.ortorea.hr\/public\/#website"},"datePublished":"2018-08-16T08:51:46+00:00","dateModified":"2022-09-20T07:49:31+00:00","breadcrumb":{"@id":"https:\/\/www.ortorea.hr\/public\/uvjeti-koristenja\/#breadcrumb"},"inLanguage":"hr","potentialAction":[{"@type":"ReadAction","target":["https:\/\/www.ortorea.hr\/public\/uvjeti-koristenja\/"]}]},{"@type":"BreadcrumbList","@id":"https:\/\/www.ortorea.hr\/public\/uvjeti-koristenja\/#breadcrumb","itemListElement":[{"@type":"ListItem","position":1,"name":"Po\u010detna stranica","item":"https:\/\/www.ortorea.hr\/public\/"},{"@type":"ListItem","position":2,"name":"Uvjeti kori\u0161tenja"}]},{"@type":"WebSite","@id":"https:\/\/www.ortorea.hr\/public\/#website","url":"https:\/\/www.ortorea.hr\/public\/","name":"Orto Rea","description":"ortopedska i medicinska pomagala","publisher":{"@id":"https:\/\/www.ortorea.hr\/public\/#organization"},"potentialAction":[{"@type":"SearchAction","target":{"@type":"EntryPoint","urlTemplate":"https:\/\/www.ortorea.hr\/public\/?s={search_term_string}"},"query-input":{"@type":"PropertyValueSpecification","valueRequired":true,"valueName":"search_term_string"}}],"inLanguage":"hr"},{"@type":"Organization","@id":"https:\/\/www.ortorea.hr\/public\/#organization","name":"Orto Rea","url":"https:\/\/www.ortorea.hr\/public\/","logo":{"@type":"ImageObject","inLanguage":"hr","@id":"https:\/\/www.ortorea.hr\/public\/#\/schema\/logo\/image\/","url":"https:\/\/www.ortorea.hr\/public\/wp-content\/uploads\/2020\/08\/Orto-rea-logo-512x512-1.jpg","contentUrl":"https:\/\/www.ortorea.hr\/public\/wp-content\/uploads\/2020\/08\/Orto-rea-logo-512x512-1.jpg","width":512,"height":512,"caption":"Orto Rea"},"image":{"@id":"https:\/\/www.ortorea.hr\/public\/#\/schema\/logo\/image\/"},"sameAs":["https:\/\/www.facebook.com\/pages\/category\/Disability-Service\/Orto-Rea-229051924128695\/","https:\/\/www.youtube.com\/channel\/UC6hWAJF9VHxOxHe8Eo90OSQ"]}]}},"_links":{"self":[{"href":"https:\/\/www.ortorea.hr\/public\/wp-json\/wp\/v2\/pages\/931","targetHints":{"allow":["GET"]}}],"collection":[{"href":"https:\/\/www.ortorea.hr\/public\/wp-json\/wp\/v2\/pages"}],"about":[{"href":"https:\/\/www.ortorea.hr\/public\/wp-json\/wp\/v2\/types\/page"}],"author":[{"embeddable":true,"href":"https:\/\/www.ortorea.hr\/public\/wp-json\/wp\/v2\/users\/2"}],"replies":[{"embeddable":true,"href":"https:\/\/www.ortorea.hr\/public\/wp-json\/wp\/v2\/comments?post=931"}],"version-history":[{"count":10,"href":"https:\/\/www.ortorea.hr\/public\/wp-json\/wp\/v2\/pages\/931\/revisions"}],"predecessor-version":[{"id":3010,"href":"https:\/\/www.ortorea.hr\/public\/wp-json\/wp\/v2\/pages\/931\/revisions\/3010"}],"wp:attachment":[{"href":"https:\/\/www.ortorea.hr\/public\/wp-json\/wp\/v2\/media?parent=931"}],"curies":[{"name":"wp","href":"https:\/\/api.w.org\/{rel}","templated":true}]}}