{"id":93,"date":"2018-04-09T00:26:58","date_gmt":"2018-04-08T22:26:58","guid":{"rendered":"http:\/\/www.ortorea.hr\/\/?page_id=93"},"modified":"2024-05-21T07:37:15","modified_gmt":"2024-05-21T05:37:15","slug":"o-nama","status":"publish","type":"page","link":"https:\/\/www.ortorea.hr\/public\/o-nama\/","title":{"rendered":"O nama"},"content":{"rendered":"<div id=\"lipsum\">\n<p>Orto Rea d.o.o. je obiteljska tvrtka osnovana 1993. g. kao tvrtka za transport, carinjenje te \u0161pediciju pod imenom Com-\u0160ped d.o.o.. Po\u010detkom 90-tih godina tvrtka je zapo\u010dela i uvoz medicinskih te ortopedskih pomagala. Tvrtka je zapo\u010dela djelovanje u Vara\u017edinu najprije kroz veleprodaju, ali uvidjev\u0161i sve ve\u0107u potrebu korisnika za ortopedskim i medicinskim pomagalima tvrtka \u0161iri svoje poslovanje i na maloprodajne lokacije kako bi pru\u017eili direktnu opskrbu korisnika. Prve poslovnice otvaraju svoja vrata u Vara\u017edinu te Vara\u017edinskim Toplicama a kasnije se otvaraju poslovnice diljem Hrvatske \u2013 Zagreb, Pakrac, Slavonski Brod, Koprivnica, Zadar, Split, Osijek, Rijeka. 2012. godine tvrtka Com-\u0160ped d.o.o. mjenja svoje ime u Orto Rea d.o.o..<\/p>\n<p><a href=\"https:\/\/www.ortorea.hr\/public\/wp-content\/uploads\/2024\/05\/Company-profile-Orto-Rea-final.pdf\"><img loading=\"lazy\" decoding=\"async\" class=\"alignnone wp-image-4084 size-full\" src=\"https:\/\/www.ortorea.hr\/public\/wp-content\/uploads\/2024\/05\/Company-wall-Orto-Rea-O-Nama.jpg\" alt=\"\" width=\"900\" height=\"630\" srcset=\"https:\/\/www.ortorea.hr\/public\/wp-content\/uploads\/2024\/05\/Company-wall-Orto-Rea-O-Nama.jpg 900w, https:\/\/www.ortorea.hr\/public\/wp-content\/uploads\/2024\/05\/Company-wall-Orto-Rea-O-Nama-300x210.jpg 300w, https:\/\/www.ortorea.hr\/public\/wp-content\/uploads\/2024\/05\/Company-wall-Orto-Rea-O-Nama-768x538.jpg 768w\" sizes=\"auto, (max-width: 900px) 100vw, 900px\" \/><\/a><\/p>\n<p>Tvrtka Orto Rea d.o.o. trenuta\u010dno djeluje kao uvoznik, distributer te kao zastupnik desetak svjetski poznatih proizvo\u0111a\u010da. Me\u0111u na\u0161im najzna\u010dajnijim partnerima je njema\u010dka tvrtka Invacare, \u010diji smo generalni zastupnik i uvoznik u Hrvatskoj. Tvrtka Invacare je jedna od tri najrenomiranijih globalnih imena u segmentu proizvodnje i prodaje ortopedskih pomagala. Uz zastupstvo, razvili smo i vlastitu proizvodnju ortopedskih pomagala, s naglaskom na proteti\u010dka i ortoti\u010dka pomagala, medicinske krevete sa i bez motora, te no\u0107ne ormari\u0107e, internisti\u010dke le\u017eajeve i individualno izra\u0111ena invalidska kolica, po mjeri korisnika.<\/p>\n<p>Orto rea je ugovorni je isporu\u010ditelj ortopedskih pomagala za HZZO u nekoliko grupa: antidekubitabilna pomagala, pulmolo\u0161ka pomagala, ortopedsko-rehabilitacijska pomagala, proteti\u010dka pomagala.<\/p>\n<p>Danas, tvrtka Orto Rea zapo\u0161ljava preko 20 djelatnika . Na\u0161i djelatnici su stru\u010dno i profesionalno osposobljeni , kako bi mogli prevladati sve izazove s kojima se susre\u0107u u svome radu i pru\u017eiti kompletna rje\u0161enja za sve korisnika i njihove potrebe. Kontinuiranom edukacijom, usavr\u0161avanjem i usvajanjem novih rje\u0161enja na podru\u010dju medicinskih i ortopedskih pomagalima svojim korisnicima pru\u017eamo maksimalnu razinu usluge sukladno svim standardima.<\/p>\n<\/div>\n","protected":false},"excerpt":{"rendered":"<p>Orto Rea d.o.o. je obiteljska tvrtka osnovana 1993. g. kao tvrtka za transport, carinjenje te \u0161pediciju pod imenom Com-\u0160ped d.o.o.. Po\u010detkom 90-tih godina tvrtka je zapo\u010dela i uvoz medicinskih te ortopedskih pomagala. Tvrtka je zapo\u010dela djelovanje u Vara\u017edinu najprije kroz veleprodaju, ali uvidjev\u0161i sve ve\u0107u potrebu korisnika za ortopedskim i medicinskim pomagalima tvrtka \u0161iri svoje [&hellip;]<\/p>\n","protected":false},"author":2,"featured_media":0,"parent":0,"menu_order":0,"comment_status":"closed","ping_status":"closed","template":"tpl-about-us.php","meta":{"_acf_changed":false,"footnotes":""},"class_list":["post-93","page","type-page","status-publish","hentry"],"acf":[],"yoast_head":"<!-- This site is optimized with the Yoast SEO plugin v27.2 - https:\/\/yoast.com\/product\/yoast-seo-wordpress\/ -->\n<title>O nama - Orto Rea<\/title>\n<meta name=\"description\" content=\"Orto Rea je ugovorni je isporu\u010ditelj ortopedskih pomagala za HZZO u nekoliko grupa ortopedski pomagala i drugih medicinskih pomagala.\" \/>\n<meta name=\"robots\" content=\"index, follow, max-snippet:-1, max-image-preview:large, max-video-preview:-1\" \/>\n<link rel=\"canonical\" href=\"https:\/\/www.ortorea.hr\/public\/o-nama\/\" \/>\n<meta property=\"og:locale\" content=\"hr_HR\" \/>\n<meta property=\"og:type\" content=\"article\" \/>\n<meta property=\"og:title\" content=\"O nama - Orto Rea\" \/>\n<meta property=\"og:description\" content=\"Orto Rea je ugovorni je isporu\u010ditelj ortopedskih pomagala za HZZO u nekoliko grupa ortopedski pomagala i drugih medicinskih pomagala.\" \/>\n<meta property=\"og:url\" content=\"https:\/\/www.ortorea.hr\/public\/o-nama\/\" \/>\n<meta property=\"og:site_name\" content=\"Orto Rea\" \/>\n<meta property=\"article:publisher\" content=\"https:\/\/www.facebook.com\/pages\/category\/Disability-Service\/Orto-Rea-229051924128695\/\" \/>\n<meta property=\"article:modified_time\" content=\"2024-05-21T05:37:15+00:00\" \/>\n<meta property=\"og:image\" content=\"https:\/\/www.ortorea.hr\/public\/wp-content\/uploads\/2024\/05\/Company-wall-Orto-Rea-O-Nama.jpg\" \/>\n<meta name=\"twitter:card\" content=\"summary_large_image\" \/>\n<meta name=\"twitter:label1\" content=\"Procijenjeno vrijeme \u010ditanja\" \/>\n\t<meta name=\"twitter:data1\" content=\"2 minute\" \/>\n<script type=\"application\/ld+json\" class=\"yoast-schema-graph\">{\"@context\":\"https:\/\/schema.org\",\"@graph\":[{\"@type\":\"WebPage\",\"@id\":\"https:\/\/www.ortorea.hr\/public\/o-nama\/\",\"url\":\"https:\/\/www.ortorea.hr\/public\/o-nama\/\",\"name\":\"O nama - Orto Rea\",\"isPartOf\":{\"@id\":\"https:\/\/www.ortorea.hr\/public\/#website\"},\"primaryImageOfPage\":{\"@id\":\"https:\/\/www.ortorea.hr\/public\/o-nama\/#primaryimage\"},\"image\":{\"@id\":\"https:\/\/www.ortorea.hr\/public\/o-nama\/#primaryimage\"},\"thumbnailUrl\":\"https:\/\/www.ortorea.hr\/public\/wp-content\/uploads\/2024\/05\/Company-wall-Orto-Rea-O-Nama.jpg\",\"datePublished\":\"2018-04-08T22:26:58+00:00\",\"dateModified\":\"2024-05-21T05:37:15+00:00\",\"description\":\"Orto Rea je ugovorni je isporu\u010ditelj ortopedskih pomagala za HZZO u nekoliko grupa ortopedski pomagala i drugih medicinskih pomagala.\",\"breadcrumb\":{\"@id\":\"https:\/\/www.ortorea.hr\/public\/o-nama\/#breadcrumb\"},\"inLanguage\":\"hr\",\"potentialAction\":[{\"@type\":\"ReadAction\",\"target\":[\"https:\/\/www.ortorea.hr\/public\/o-nama\/\"]}]},{\"@type\":\"ImageObject\",\"inLanguage\":\"hr\",\"@id\":\"https:\/\/www.ortorea.hr\/public\/o-nama\/#primaryimage\",\"url\":\"https:\/\/www.ortorea.hr\/public\/wp-content\/uploads\/2024\/05\/Company-wall-Orto-Rea-O-Nama.jpg\",\"contentUrl\":\"https:\/\/www.ortorea.hr\/public\/wp-content\/uploads\/2024\/05\/Company-wall-Orto-Rea-O-Nama.jpg\",\"width\":900,\"height\":630},{\"@type\":\"BreadcrumbList\",\"@id\":\"https:\/\/www.ortorea.hr\/public\/o-nama\/#breadcrumb\",\"itemListElement\":[{\"@type\":\"ListItem\",\"position\":1,\"name\":\"Po\u010detna stranica\",\"item\":\"https:\/\/www.ortorea.hr\/public\/\"},{\"@type\":\"ListItem\",\"position\":2,\"name\":\"O nama\"}]},{\"@type\":\"WebSite\",\"@id\":\"https:\/\/www.ortorea.hr\/public\/#website\",\"url\":\"https:\/\/www.ortorea.hr\/public\/\",\"name\":\"Orto Rea\",\"description\":\"ortopedska i medicinska pomagala\",\"publisher\":{\"@id\":\"https:\/\/www.ortorea.hr\/public\/#organization\"},\"potentialAction\":[{\"@type\":\"SearchAction\",\"target\":{\"@type\":\"EntryPoint\",\"urlTemplate\":\"https:\/\/www.ortorea.hr\/public\/?s={search_term_string}\"},\"query-input\":{\"@type\":\"PropertyValueSpecification\",\"valueRequired\":true,\"valueName\":\"search_term_string\"}}],\"inLanguage\":\"hr\"},{\"@type\":\"Organization\",\"@id\":\"https:\/\/www.ortorea.hr\/public\/#organization\",\"name\":\"Orto Rea\",\"url\":\"https:\/\/www.ortorea.hr\/public\/\",\"logo\":{\"@type\":\"ImageObject\",\"inLanguage\":\"hr\",\"@id\":\"https:\/\/www.ortorea.hr\/public\/#\/schema\/logo\/image\/\",\"url\":\"https:\/\/www.ortorea.hr\/public\/wp-content\/uploads\/2020\/08\/Orto-rea-logo-512x512-1.jpg\",\"contentUrl\":\"https:\/\/www.ortorea.hr\/public\/wp-content\/uploads\/2020\/08\/Orto-rea-logo-512x512-1.jpg\",\"width\":512,\"height\":512,\"caption\":\"Orto Rea\"},\"image\":{\"@id\":\"https:\/\/www.ortorea.hr\/public\/#\/schema\/logo\/image\/\"},\"sameAs\":[\"https:\/\/www.facebook.com\/pages\/category\/Disability-Service\/Orto-Rea-229051924128695\/\",\"https:\/\/www.youtube.com\/channel\/UC6hWAJF9VHxOxHe8Eo90OSQ\"]}]}<\/script>\n<!-- \/ Yoast SEO plugin. -->","yoast_head_json":{"title":"O nama - Orto Rea","description":"Orto Rea je ugovorni je isporu\u010ditelj ortopedskih pomagala za HZZO u nekoliko grupa ortopedski pomagala i drugih medicinskih pomagala.","robots":{"index":"index","follow":"follow","max-snippet":"max-snippet:-1","max-image-preview":"max-image-preview:large","max-video-preview":"max-video-preview:-1"},"canonical":"https:\/\/www.ortorea.hr\/public\/o-nama\/","og_locale":"hr_HR","og_type":"article","og_title":"O nama - Orto Rea","og_description":"Orto Rea je ugovorni je isporu\u010ditelj ortopedskih pomagala za HZZO u nekoliko grupa ortopedski pomagala i drugih medicinskih pomagala.","og_url":"https:\/\/www.ortorea.hr\/public\/o-nama\/","og_site_name":"Orto Rea","article_publisher":"https:\/\/www.facebook.com\/pages\/category\/Disability-Service\/Orto-Rea-229051924128695\/","article_modified_time":"2024-05-21T05:37:15+00:00","og_image":[{"url":"https:\/\/www.ortorea.hr\/public\/wp-content\/uploads\/2024\/05\/Company-wall-Orto-Rea-O-Nama.jpg","type":"","width":"","height":""}],"twitter_card":"summary_large_image","twitter_misc":{"Procijenjeno vrijeme \u010ditanja":"2 minute"},"schema":{"@context":"https:\/\/schema.org","@graph":[{"@type":"WebPage","@id":"https:\/\/www.ortorea.hr\/public\/o-nama\/","url":"https:\/\/www.ortorea.hr\/public\/o-nama\/","name":"O nama - Orto Rea","isPartOf":{"@id":"https:\/\/www.ortorea.hr\/public\/#website"},"primaryImageOfPage":{"@id":"https:\/\/www.ortorea.hr\/public\/o-nama\/#primaryimage"},"image":{"@id":"https:\/\/www.ortorea.hr\/public\/o-nama\/#primaryimage"},"thumbnailUrl":"https:\/\/www.ortorea.hr\/public\/wp-content\/uploads\/2024\/05\/Company-wall-Orto-Rea-O-Nama.jpg","datePublished":"2018-04-08T22:26:58+00:00","dateModified":"2024-05-21T05:37:15+00:00","description":"Orto Rea je ugovorni je isporu\u010ditelj ortopedskih pomagala za HZZO u nekoliko grupa ortopedski pomagala i drugih medicinskih pomagala.","breadcrumb":{"@id":"https:\/\/www.ortorea.hr\/public\/o-nama\/#breadcrumb"},"inLanguage":"hr","potentialAction":[{"@type":"ReadAction","target":["https:\/\/www.ortorea.hr\/public\/o-nama\/"]}]},{"@type":"ImageObject","inLanguage":"hr","@id":"https:\/\/www.ortorea.hr\/public\/o-nama\/#primaryimage","url":"https:\/\/www.ortorea.hr\/public\/wp-content\/uploads\/2024\/05\/Company-wall-Orto-Rea-O-Nama.jpg","contentUrl":"https:\/\/www.ortorea.hr\/public\/wp-content\/uploads\/2024\/05\/Company-wall-Orto-Rea-O-Nama.jpg","width":900,"height":630},{"@type":"BreadcrumbList","@id":"https:\/\/www.ortorea.hr\/public\/o-nama\/#breadcrumb","itemListElement":[{"@type":"ListItem","position":1,"name":"Po\u010detna stranica","item":"https:\/\/www.ortorea.hr\/public\/"},{"@type":"ListItem","position":2,"name":"O nama"}]},{"@type":"WebSite","@id":"https:\/\/www.ortorea.hr\/public\/#website","url":"https:\/\/www.ortorea.hr\/public\/","name":"Orto Rea","description":"ortopedska i medicinska pomagala","publisher":{"@id":"https:\/\/www.ortorea.hr\/public\/#organization"},"potentialAction":[{"@type":"SearchAction","target":{"@type":"EntryPoint","urlTemplate":"https:\/\/www.ortorea.hr\/public\/?s={search_term_string}"},"query-input":{"@type":"PropertyValueSpecification","valueRequired":true,"valueName":"search_term_string"}}],"inLanguage":"hr"},{"@type":"Organization","@id":"https:\/\/www.ortorea.hr\/public\/#organization","name":"Orto Rea","url":"https:\/\/www.ortorea.hr\/public\/","logo":{"@type":"ImageObject","inLanguage":"hr","@id":"https:\/\/www.ortorea.hr\/public\/#\/schema\/logo\/image\/","url":"https:\/\/www.ortorea.hr\/public\/wp-content\/uploads\/2020\/08\/Orto-rea-logo-512x512-1.jpg","contentUrl":"https:\/\/www.ortorea.hr\/public\/wp-content\/uploads\/2020\/08\/Orto-rea-logo-512x512-1.jpg","width":512,"height":512,"caption":"Orto Rea"},"image":{"@id":"https:\/\/www.ortorea.hr\/public\/#\/schema\/logo\/image\/"},"sameAs":["https:\/\/www.facebook.com\/pages\/category\/Disability-Service\/Orto-Rea-229051924128695\/","https:\/\/www.youtube.com\/channel\/UC6hWAJF9VHxOxHe8Eo90OSQ"]}]}},"_links":{"self":[{"href":"https:\/\/www.ortorea.hr\/public\/wp-json\/wp\/v2\/pages\/93","targetHints":{"allow":["GET"]}}],"collection":[{"href":"https:\/\/www.ortorea.hr\/public\/wp-json\/wp\/v2\/pages"}],"about":[{"href":"https:\/\/www.ortorea.hr\/public\/wp-json\/wp\/v2\/types\/page"}],"author":[{"embeddable":true,"href":"https:\/\/www.ortorea.hr\/public\/wp-json\/wp\/v2\/users\/2"}],"replies":[{"embeddable":true,"href":"https:\/\/www.ortorea.hr\/public\/wp-json\/wp\/v2\/comments?post=93"}],"version-history":[{"count":8,"href":"https:\/\/www.ortorea.hr\/public\/wp-json\/wp\/v2\/pages\/93\/revisions"}],"predecessor-version":[{"id":4087,"href":"https:\/\/www.ortorea.hr\/public\/wp-json\/wp\/v2\/pages\/93\/revisions\/4087"}],"wp:attachment":[{"href":"https:\/\/www.ortorea.hr\/public\/wp-json\/wp\/v2\/media?parent=93"}],"curies":[{"name":"wp","href":"https:\/\/api.w.org\/{rel}","templated":true}]}}