{"id":921,"date":"2018-08-13T09:40:00","date_gmt":"2018-08-13T07:40:00","guid":{"rendered":"http:\/\/www.ortorea.hr\/?page_id=921"},"modified":"2018-08-30T14:01:56","modified_gmt":"2018-08-30T12:01:56","slug":"servis","status":"publish","type":"page","link":"https:\/\/www.ortorea.hr\/public\/servis\/","title":{"rendered":"Servis"},"content":{"rendered":"<p style=\"font-weight: 400;\">Redovito odr\u017eavanje i servisiranje , produ\u017euje vijek kori\u0161tenja pomagala, osigurava funkcionalnost i ispravno stanje Va\u0161eg pomagala. Na\u0161a servisna mre\u017ea pokriva cjelokupni teritorij Republike Hrvatske, te omogu\u0107ava dostupnost educiranog i stru\u010dnog servisnog kadra sukladno Va\u0161im potrebama. Dugogodi\u0161nje iskustvo i znanje rezultira brzim i pouzdanim servisima.<\/p>\n<p style=\"font-weight: 400;\">Svjesni smo da je povjerenje klju\u010dni faktor u pri\u010di o uspjehu. Obratite nam se s punim povjerenjem jer mi smo tu za Vas .<\/p>\n<p>&nbsp;<\/p>\n<p style=\"font-weight: 400;\">Telefon: +385 42 350 744<\/p>\n<p style=\"font-weight: 400;\">Mob: +385 98 98 28 154<\/p>\n<p style=\"font-weight: 400;\">e-mail:\u00a0<a href=\"mailto:servis@ortorea.hr\">servis@ortorea.hr<\/a><\/p>\n","protected":false},"excerpt":{"rendered":"<p>Redovito odr\u017eavanje i servisiranje , produ\u017euje vijek kori\u0161tenja pomagala, osigurava funkcionalnost i ispravno stanje Va\u0161eg pomagala. Na\u0161a servisna mre\u017ea pokriva cjelokupni teritorij Republike Hrvatske, te omogu\u0107ava dostupnost educiranog i stru\u010dnog servisnog kadra sukladno Va\u0161im potrebama. Dugogodi\u0161nje iskustvo i znanje rezultira brzim i pouzdanim servisima. Svjesni smo da je povjerenje klju\u010dni faktor u pri\u010di o uspjehu. [&hellip;]<\/p>\n","protected":false},"author":2,"featured_media":0,"parent":0,"menu_order":0,"comment_status":"closed","ping_status":"closed","template":"tpl-about-us.php","meta":{"_acf_changed":false,"footnotes":""},"class_list":["post-921","page","type-page","status-publish","hentry"],"acf":[],"yoast_head":"<!-- This site is optimized with the Yoast SEO plugin v27.2 - https:\/\/yoast.com\/product\/yoast-seo-wordpress\/ -->\n<title>Servis - Orto Rea<\/title>\n<meta name=\"robots\" content=\"index, follow, max-snippet:-1, max-image-preview:large, max-video-preview:-1\" \/>\n<link rel=\"canonical\" href=\"https:\/\/www.ortorea.hr\/public\/servis\/\" \/>\n<meta property=\"og:locale\" content=\"hr_HR\" \/>\n<meta property=\"og:type\" content=\"article\" \/>\n<meta property=\"og:title\" content=\"Servis - Orto Rea\" \/>\n<meta property=\"og:description\" content=\"Redovito odr\u017eavanje i servisiranje , produ\u017euje vijek kori\u0161tenja pomagala, osigurava funkcionalnost i ispravno stanje Va\u0161eg pomagala. Na\u0161a servisna mre\u017ea pokriva cjelokupni teritorij Republike Hrvatske, te omogu\u0107ava dostupnost educiranog i stru\u010dnog servisnog kadra sukladno Va\u0161im potrebama. Dugogodi\u0161nje iskustvo i znanje rezultira brzim i pouzdanim servisima. Svjesni smo da je povjerenje klju\u010dni faktor u pri\u010di o uspjehu. [&hellip;]\" \/>\n<meta property=\"og:url\" content=\"https:\/\/www.ortorea.hr\/public\/servis\/\" \/>\n<meta property=\"og:site_name\" content=\"Orto Rea\" \/>\n<meta property=\"article:publisher\" content=\"https:\/\/www.facebook.com\/pages\/category\/Disability-Service\/Orto-Rea-229051924128695\/\" \/>\n<meta property=\"article:modified_time\" content=\"2018-08-30T12:01:56+00:00\" \/>\n<meta property=\"og:image\" content=\"https:\/\/www.ortorea.hr\/public\/wp-content\/uploads\/2018\/09\/Orto-rea-web-stranica.jpg\" \/>\n\t<meta property=\"og:image:width\" content=\"1200\" \/>\n\t<meta property=\"og:image:height\" content=\"650\" \/>\n\t<meta property=\"og:image:type\" content=\"image\/jpeg\" \/>\n<meta name=\"twitter:card\" content=\"summary_large_image\" \/>\n<script type=\"application\/ld+json\" class=\"yoast-schema-graph\">{\"@context\":\"https:\/\/schema.org\",\"@graph\":[{\"@type\":\"WebPage\",\"@id\":\"https:\/\/www.ortorea.hr\/public\/servis\/\",\"url\":\"https:\/\/www.ortorea.hr\/public\/servis\/\",\"name\":\"Servis - Orto Rea\",\"isPartOf\":{\"@id\":\"https:\/\/www.ortorea.hr\/public\/#website\"},\"datePublished\":\"2018-08-13T07:40:00+00:00\",\"dateModified\":\"2018-08-30T12:01:56+00:00\",\"breadcrumb\":{\"@id\":\"https:\/\/www.ortorea.hr\/public\/servis\/#breadcrumb\"},\"inLanguage\":\"hr\",\"potentialAction\":[{\"@type\":\"ReadAction\",\"target\":[\"https:\/\/www.ortorea.hr\/public\/servis\/\"]}]},{\"@type\":\"BreadcrumbList\",\"@id\":\"https:\/\/www.ortorea.hr\/public\/servis\/#breadcrumb\",\"itemListElement\":[{\"@type\":\"ListItem\",\"position\":1,\"name\":\"Po\u010detna stranica\",\"item\":\"https:\/\/www.ortorea.hr\/public\/\"},{\"@type\":\"ListItem\",\"position\":2,\"name\":\"Servis\"}]},{\"@type\":\"WebSite\",\"@id\":\"https:\/\/www.ortorea.hr\/public\/#website\",\"url\":\"https:\/\/www.ortorea.hr\/public\/\",\"name\":\"Orto Rea\",\"description\":\"ortopedska i medicinska pomagala\",\"publisher\":{\"@id\":\"https:\/\/www.ortorea.hr\/public\/#organization\"},\"potentialAction\":[{\"@type\":\"SearchAction\",\"target\":{\"@type\":\"EntryPoint\",\"urlTemplate\":\"https:\/\/www.ortorea.hr\/public\/?s={search_term_string}\"},\"query-input\":{\"@type\":\"PropertyValueSpecification\",\"valueRequired\":true,\"valueName\":\"search_term_string\"}}],\"inLanguage\":\"hr\"},{\"@type\":\"Organization\",\"@id\":\"https:\/\/www.ortorea.hr\/public\/#organization\",\"name\":\"Orto Rea\",\"url\":\"https:\/\/www.ortorea.hr\/public\/\",\"logo\":{\"@type\":\"ImageObject\",\"inLanguage\":\"hr\",\"@id\":\"https:\/\/www.ortorea.hr\/public\/#\/schema\/logo\/image\/\",\"url\":\"https:\/\/www.ortorea.hr\/public\/wp-content\/uploads\/2020\/08\/Orto-rea-logo-512x512-1.jpg\",\"contentUrl\":\"https:\/\/www.ortorea.hr\/public\/wp-content\/uploads\/2020\/08\/Orto-rea-logo-512x512-1.jpg\",\"width\":512,\"height\":512,\"caption\":\"Orto Rea\"},\"image\":{\"@id\":\"https:\/\/www.ortorea.hr\/public\/#\/schema\/logo\/image\/\"},\"sameAs\":[\"https:\/\/www.facebook.com\/pages\/category\/Disability-Service\/Orto-Rea-229051924128695\/\",\"https:\/\/www.youtube.com\/channel\/UC6hWAJF9VHxOxHe8Eo90OSQ\"]}]}<\/script>\n<!-- \/ Yoast SEO plugin. -->","yoast_head_json":{"title":"Servis - Orto Rea","robots":{"index":"index","follow":"follow","max-snippet":"max-snippet:-1","max-image-preview":"max-image-preview:large","max-video-preview":"max-video-preview:-1"},"canonical":"https:\/\/www.ortorea.hr\/public\/servis\/","og_locale":"hr_HR","og_type":"article","og_title":"Servis - Orto Rea","og_description":"Redovito odr\u017eavanje i servisiranje , produ\u017euje vijek kori\u0161tenja pomagala, osigurava funkcionalnost i ispravno stanje Va\u0161eg pomagala. Na\u0161a servisna mre\u017ea pokriva cjelokupni teritorij Republike Hrvatske, te omogu\u0107ava dostupnost educiranog i stru\u010dnog servisnog kadra sukladno Va\u0161im potrebama. Dugogodi\u0161nje iskustvo i znanje rezultira brzim i pouzdanim servisima. Svjesni smo da je povjerenje klju\u010dni faktor u pri\u010di o uspjehu. [&hellip;]","og_url":"https:\/\/www.ortorea.hr\/public\/servis\/","og_site_name":"Orto Rea","article_publisher":"https:\/\/www.facebook.com\/pages\/category\/Disability-Service\/Orto-Rea-229051924128695\/","article_modified_time":"2018-08-30T12:01:56+00:00","og_image":[{"width":1200,"height":650,"url":"https:\/\/www.ortorea.hr\/public\/wp-content\/uploads\/2018\/09\/Orto-rea-web-stranica.jpg","type":"image\/jpeg"}],"twitter_card":"summary_large_image","schema":{"@context":"https:\/\/schema.org","@graph":[{"@type":"WebPage","@id":"https:\/\/www.ortorea.hr\/public\/servis\/","url":"https:\/\/www.ortorea.hr\/public\/servis\/","name":"Servis - Orto Rea","isPartOf":{"@id":"https:\/\/www.ortorea.hr\/public\/#website"},"datePublished":"2018-08-13T07:40:00+00:00","dateModified":"2018-08-30T12:01:56+00:00","breadcrumb":{"@id":"https:\/\/www.ortorea.hr\/public\/servis\/#breadcrumb"},"inLanguage":"hr","potentialAction":[{"@type":"ReadAction","target":["https:\/\/www.ortorea.hr\/public\/servis\/"]}]},{"@type":"BreadcrumbList","@id":"https:\/\/www.ortorea.hr\/public\/servis\/#breadcrumb","itemListElement":[{"@type":"ListItem","position":1,"name":"Po\u010detna stranica","item":"https:\/\/www.ortorea.hr\/public\/"},{"@type":"ListItem","position":2,"name":"Servis"}]},{"@type":"WebSite","@id":"https:\/\/www.ortorea.hr\/public\/#website","url":"https:\/\/www.ortorea.hr\/public\/","name":"Orto Rea","description":"ortopedska i medicinska pomagala","publisher":{"@id":"https:\/\/www.ortorea.hr\/public\/#organization"},"potentialAction":[{"@type":"SearchAction","target":{"@type":"EntryPoint","urlTemplate":"https:\/\/www.ortorea.hr\/public\/?s={search_term_string}"},"query-input":{"@type":"PropertyValueSpecification","valueRequired":true,"valueName":"search_term_string"}}],"inLanguage":"hr"},{"@type":"Organization","@id":"https:\/\/www.ortorea.hr\/public\/#organization","name":"Orto Rea","url":"https:\/\/www.ortorea.hr\/public\/","logo":{"@type":"ImageObject","inLanguage":"hr","@id":"https:\/\/www.ortorea.hr\/public\/#\/schema\/logo\/image\/","url":"https:\/\/www.ortorea.hr\/public\/wp-content\/uploads\/2020\/08\/Orto-rea-logo-512x512-1.jpg","contentUrl":"https:\/\/www.ortorea.hr\/public\/wp-content\/uploads\/2020\/08\/Orto-rea-logo-512x512-1.jpg","width":512,"height":512,"caption":"Orto Rea"},"image":{"@id":"https:\/\/www.ortorea.hr\/public\/#\/schema\/logo\/image\/"},"sameAs":["https:\/\/www.facebook.com\/pages\/category\/Disability-Service\/Orto-Rea-229051924128695\/","https:\/\/www.youtube.com\/channel\/UC6hWAJF9VHxOxHe8Eo90OSQ"]}]}},"_links":{"self":[{"href":"https:\/\/www.ortorea.hr\/public\/wp-json\/wp\/v2\/pages\/921","targetHints":{"allow":["GET"]}}],"collection":[{"href":"https:\/\/www.ortorea.hr\/public\/wp-json\/wp\/v2\/pages"}],"about":[{"href":"https:\/\/www.ortorea.hr\/public\/wp-json\/wp\/v2\/types\/page"}],"author":[{"embeddable":true,"href":"https:\/\/www.ortorea.hr\/public\/wp-json\/wp\/v2\/users\/2"}],"replies":[{"embeddable":true,"href":"https:\/\/www.ortorea.hr\/public\/wp-json\/wp\/v2\/comments?post=921"}],"version-history":[{"count":2,"href":"https:\/\/www.ortorea.hr\/public\/wp-json\/wp\/v2\/pages\/921\/revisions"}],"predecessor-version":[{"id":945,"href":"https:\/\/www.ortorea.hr\/public\/wp-json\/wp\/v2\/pages\/921\/revisions\/945"}],"wp:attachment":[{"href":"https:\/\/www.ortorea.hr\/public\/wp-json\/wp\/v2\/media?parent=921"}],"curies":[{"name":"wp","href":"https:\/\/api.w.org\/{rel}","templated":true}]}}