{"id":2263,"date":"2020-11-16T15:35:19","date_gmt":"2020-11-16T14:35:19","guid":{"rendered":"http:\/\/www.ortorea.hr\/?page_id=2263"},"modified":"2021-01-11T13:46:50","modified_gmt":"2021-01-11T12:46:50","slug":"naruci-uz-doznaku","status":"publish","type":"page","link":"https:\/\/www.ortorea.hr\/public\/naruci-uz-doznaku\/","title":{"rendered":"Naru\u010di uz doznaku"},"content":{"rendered":"\n<div class=\"doznaka-intro\"><img loading=\"lazy\" decoding=\"async\" class=\"alignnone wp-image-1222\" src=\"http:\/\/www.ortorea.hr\/wp-content\/uploads\/2020\/11\/doznaka-1.png\" alt=\"\" width=\"45\" height=\"39\">&nbsp;<span style=\"color: #000000;display:inline-block\"><strong>NARU\u010cITE POMAGALO PREKO DOZNAKE<br> ili <a href=\"http:\/\/shop.ortorea.hr\/\">KUPITE U NA\u0160EM WEB SHOPU (NOVO)<\/a><\/strong><\/span><\/div>\n\n\n\n\n<div class=\"wpcf7 no-js\" id=\"wpcf7-f2262-o1\" lang=\"hr\" dir=\"ltr\" data-wpcf7-id=\"2262\">\n<div class=\"screen-reader-response\"><p role=\"status\" aria-live=\"polite\" aria-atomic=\"true\"><\/p> <ul><\/ul><\/div>\n<form action=\"\/public\/wp-json\/wp\/v2\/pages\/2263#wpcf7-f2262-o1\" method=\"post\" class=\"wpcf7-form init\" aria-label=\"Kontakt obrazac\" novalidate=\"novalidate\" data-status=\"init\">\n<fieldset class=\"hidden-fields-container\"><input type=\"hidden\" name=\"_wpcf7\" value=\"2262\" \/><input type=\"hidden\" name=\"_wpcf7_version\" value=\"6.1.5\" \/><input type=\"hidden\" name=\"_wpcf7_locale\" value=\"hr\" \/><input type=\"hidden\" name=\"_wpcf7_unit_tag\" value=\"wpcf7-f2262-o1\" \/><input type=\"hidden\" name=\"_wpcf7_container_post\" value=\"0\" \/><input type=\"hidden\" name=\"_wpcf7_posted_data_hash\" value=\"\" \/>\n<\/fieldset>\n<div class=\"doznaka-form\">\n\t<div class=\"row\">\n\t\t<div class=\"col-md-4\">\n\t\t\t<p><label> Ime*<br \/>\n<span class=\"wpcf7-form-control-wrap your-name\"><span class=\"wpcf7-form-control-wrap\" data-name=\"your-name\"><input size=\"40\" maxlength=\"400\" class=\"wpcf7-form-control wpcf7-text wpcf7-validates-as-required\" aria-required=\"true\" aria-invalid=\"false\" value=\"\" type=\"text\" name=\"your-name\" \/><\/span><\/span> <\/label>\n\t\t\t<\/p>\n\t\t<\/div>\n\t\t<div class=\"col-md-4\">\n\t\t\t<p><label> Prezime*<br \/>\n<span class=\"wpcf7-form-control-wrap your-surname\"><span class=\"wpcf7-form-control-wrap\" data-name=\"your-surname\"><input size=\"40\" maxlength=\"400\" class=\"wpcf7-form-control wpcf7-text wpcf7-validates-as-required\" aria-required=\"true\" aria-invalid=\"false\" value=\"\" type=\"text\" name=\"your-surname\" \/><\/span><\/span> <\/label>\n\t\t\t<\/p>\n\t\t<\/div>\n\t\t<div class=\"col-md-4\">\n\t\t\t<p><label> Email<br \/>\n<span class=\"wpcf7-form-control-wrap email-874\"><span class=\"wpcf7-form-control-wrap\" data-name=\"email-874\"><input size=\"40\" maxlength=\"400\" class=\"wpcf7-form-control wpcf7-email wpcf7-text wpcf7-validates-as-email\" aria-invalid=\"false\" value=\"\" type=\"email\" name=\"email-874\" \/><\/span><\/span><\/label>\n\t\t\t<\/p>\n\t\t<\/div>\n\t<\/div>\n\t<div class=\"row\">\n\t\t<div class=\"col-md-4\">\n\t\t\t<p><label> Telefon\/mobitel*<br \/>\n<span class=\"wpcf7-form-control-wrap telefon\"><span class=\"wpcf7-form-control-wrap\" data-name=\"telefon\"><input size=\"40\" maxlength=\"400\" class=\"wpcf7-form-control wpcf7-text wpcf7-validates-as-required\" aria-required=\"true\" aria-invalid=\"false\" value=\"\" type=\"text\" name=\"telefon\" \/><\/span><\/span> <\/label>\n\t\t\t<\/p>\n\t\t<\/div>\n\t\t<div class=\"col-md-4\">\n\t\t\t<p><label> MBO*<br \/>\n<span class=\"wpcf7-form-control-wrap mbo\"><span class=\"wpcf7-form-control-wrap\" data-name=\"mbo\"><input size=\"40\" maxlength=\"400\" class=\"wpcf7-form-control wpcf7-text wpcf7-validates-as-required\" aria-required=\"true\" aria-invalid=\"false\" value=\"\" type=\"text\" name=\"mbo\" \/><\/span><\/span> <\/label>\n\t\t\t<\/p>\n\t\t<\/div>\n\t\t<div class=\"col-md-4\">\n\t\t\t<p><label> Datum odobrenja doznake*<br \/>\n<span class=\"wpcf7-form-control-wrap date-454\"><span class=\"wpcf7-form-control-wrap\" data-name=\"date-454\"><input class=\"wpcf7-form-control wpcf7-date wpcf7-validates-as-required wpcf7-validates-as-date\" aria-required=\"true\" aria-invalid=\"false\" value=\"\" type=\"date\" name=\"date-454\" \/><\/span><\/span> <\/label>\n\t\t\t<\/p>\n\t\t<\/div>\n\t\t<div class=\"col-md-4\">\n\t\t\t<p><label> Broj potvrde<br \/>\n<span class=\"wpcf7-form-control-wrap nr-receipt\"><span class=\"wpcf7-form-control-wrap\" data-name=\"nr-receipt\"><input size=\"40\" maxlength=\"400\" class=\"wpcf7-form-control wpcf7-text\" aria-invalid=\"false\" value=\"\" type=\"text\" name=\"nr-receipt\" \/><\/span><\/span> <\/label><br \/>\n<label> Dopunsko osiguranje<\/label><br \/>\n<span class=\"wpcf7-form-control-wrap\" data-name=\"radio-377\"><span class=\"wpcf7-form-control wpcf7-radio\"><span class=\"wpcf7-list-item first\"><input type=\"radio\" name=\"radio-377\" value=\"Imam\" checked=\"checked\" \/><span class=\"wpcf7-list-item-label\">Imam<\/span><\/span><span class=\"wpcf7-list-item last\"><input type=\"radio\" name=\"radio-377\" value=\"Nemam\" \/><span class=\"wpcf7-list-item-label\">Nemam<\/span><\/span><\/span><\/span><br \/>\n<label> Osiguravaju\u0107e dru\u0161tvo <\/label><br \/>\n<span class=\"wpcf7-form-control-wrap\" data-name=\"menu-314\"><select class=\"wpcf7-form-control wpcf7-select\" aria-invalid=\"false\" name=\"menu-314\"><option value=\"Agram\">Agram<\/option><option value=\"Alianz\">Alianz<\/option><option value=\"Croatia\">Croatia<\/option><option value=\"Generali\">Generali<\/option><option value=\"HZZO\">HZZO<\/option><option value=\"Triglav\">Triglav<\/option><option value=\"Uniqua\">Uniqua<\/option><\/select><\/span>\n\t\t\t<\/p>\n\t\t<\/div>\n\t\t<div class=\"col-md-8\">\n\t\t\t<p><label> Poruka<br \/>\n<span class=\"wpcf7-form-control-wrap\" data-name=\"your-message\"><textarea cols=\"40\" rows=\"10\" maxlength=\"2000\" class=\"wpcf7-form-control wpcf7-textarea\" aria-invalid=\"false\" name=\"your-message\"><\/textarea><\/span> <\/label>\n\t\t\t<\/p>\n\t\t<\/div>\n\t<\/div>\n\t<div class=\"row doznaka-form\">\n\t\t<div class=\"col-md-6\">\n\t\t\t<p>Polja ozna\u010dena zvjezdicom (*) su obavezna\n\t\t\t<\/p>\n\t\t<\/div>\n\t\t<div class=\"col-md-6\">\n\t\t\t<p><input class=\"wpcf7-form-control wpcf7-submit has-spinner\" type=\"submit\" value=\"PO\u0160ALJI\" \/>\n\t\t\t<\/p>\n\t\t<\/div>\n\t<\/div>\n<\/div><input type='hidden' class='wpcf7-pum' value='{\"closepopup\":false,\"closedelay\":0,\"openpopup\":false,\"openpopup_id\":0}' \/><div class=\"wpcf7-response-output\" aria-hidden=\"true\"><\/div>\n<\/form>\n<\/div>\n\n","protected":false},"excerpt":{"rendered":"<p>&nbsp;NARU\u010cITE POMAGALO PREKO DOZNAKE ili KUPITE U NA\u0160EM WEB SHOPU (NOVO)<\/p>\n","protected":false},"author":4,"featured_media":0,"parent":0,"menu_order":0,"comment_status":"closed","ping_status":"closed","template":"tpl-doznaka.php","meta":{"_acf_changed":false,"footnotes":""},"class_list":["post-2263","page","type-page","status-publish","hentry"],"acf":[],"yoast_head":"<!-- This site is optimized with the Yoast SEO plugin v27.2 - https:\/\/yoast.com\/product\/yoast-seo-wordpress\/ -->\n<title>Naru\u010di uz doznaku - Orto Rea<\/title>\n<meta name=\"robots\" content=\"index, follow, max-snippet:-1, max-image-preview:large, max-video-preview:-1\" \/>\n<link rel=\"canonical\" href=\"https:\/\/www.ortorea.hr\/public\/naruci-uz-doznaku\/\" \/>\n<meta property=\"og:locale\" content=\"hr_HR\" \/>\n<meta property=\"og:type\" content=\"article\" \/>\n<meta property=\"og:title\" content=\"NOVO - NARU\u010cITE PREKO E - DOZNAKE\" \/>\n<meta property=\"og:description\" content=\"Bez odlaska u poslovnicu, naru\u010dite svoje pomagalo preko e-doznake putem na\u0161eg obrasca.\" \/>\n<meta property=\"og:url\" content=\"https:\/\/www.ortorea.hr\/public\/naruci-uz-doznaku\/\" \/>\n<meta property=\"og:site_name\" content=\"Orto Rea\" \/>\n<meta property=\"article:publisher\" content=\"https:\/\/www.facebook.com\/pages\/category\/Disability-Service\/Orto-Rea-229051924128695\/\" \/>\n<meta property=\"article:modified_time\" content=\"2021-01-11T12:46:50+00:00\" \/>\n<meta property=\"og:image\" content=\"https:\/\/www.ortorea.hr\/public\/wp-content\/uploads\/2021\/01\/E-doznaka-OR-1200-online-Orto-rea.jpg\" \/>\n\t<meta property=\"og:image:width\" content=\"1200\" \/>\n\t<meta property=\"og:image:height\" content=\"630\" \/>\n\t<meta property=\"og:image:type\" content=\"image\/jpeg\" \/>\n<meta name=\"twitter:card\" content=\"summary_large_image\" \/>\n<script type=\"application\/ld+json\" class=\"yoast-schema-graph\">{\"@context\":\"https:\/\/schema.org\",\"@graph\":[{\"@type\":\"WebPage\",\"@id\":\"https:\/\/www.ortorea.hr\/public\/naruci-uz-doznaku\/\",\"url\":\"https:\/\/www.ortorea.hr\/public\/naruci-uz-doznaku\/\",\"name\":\"Naru\u010di uz doznaku - Orto Rea\",\"isPartOf\":{\"@id\":\"https:\/\/www.ortorea.hr\/public\/#website\"},\"primaryImageOfPage\":{\"@id\":\"https:\/\/www.ortorea.hr\/public\/naruci-uz-doznaku\/#primaryimage\"},\"image\":{\"@id\":\"https:\/\/www.ortorea.hr\/public\/naruci-uz-doznaku\/#primaryimage\"},\"thumbnailUrl\":\"http:\/\/www.ortorea.hr\/wp-content\/uploads\/2020\/11\/doznaka-1.png\",\"datePublished\":\"2020-11-16T14:35:19+00:00\",\"dateModified\":\"2021-01-11T12:46:50+00:00\",\"breadcrumb\":{\"@id\":\"https:\/\/www.ortorea.hr\/public\/naruci-uz-doznaku\/#breadcrumb\"},\"inLanguage\":\"hr\",\"potentialAction\":[{\"@type\":\"ReadAction\",\"target\":[\"https:\/\/www.ortorea.hr\/public\/naruci-uz-doznaku\/\"]}]},{\"@type\":\"ImageObject\",\"inLanguage\":\"hr\",\"@id\":\"https:\/\/www.ortorea.hr\/public\/naruci-uz-doznaku\/#primaryimage\",\"url\":\"http:\/\/www.ortorea.hr\/wp-content\/uploads\/2020\/11\/doznaka-1.png\",\"contentUrl\":\"http:\/\/www.ortorea.hr\/wp-content\/uploads\/2020\/11\/doznaka-1.png\"},{\"@type\":\"BreadcrumbList\",\"@id\":\"https:\/\/www.ortorea.hr\/public\/naruci-uz-doznaku\/#breadcrumb\",\"itemListElement\":[{\"@type\":\"ListItem\",\"position\":1,\"name\":\"Po\u010detna stranica\",\"item\":\"https:\/\/www.ortorea.hr\/public\/\"},{\"@type\":\"ListItem\",\"position\":2,\"name\":\"Naru\u010di uz doznaku\"}]},{\"@type\":\"WebSite\",\"@id\":\"https:\/\/www.ortorea.hr\/public\/#website\",\"url\":\"https:\/\/www.ortorea.hr\/public\/\",\"name\":\"Orto Rea\",\"description\":\"ortopedska i medicinska pomagala\",\"publisher\":{\"@id\":\"https:\/\/www.ortorea.hr\/public\/#organization\"},\"potentialAction\":[{\"@type\":\"SearchAction\",\"target\":{\"@type\":\"EntryPoint\",\"urlTemplate\":\"https:\/\/www.ortorea.hr\/public\/?s={search_term_string}\"},\"query-input\":{\"@type\":\"PropertyValueSpecification\",\"valueRequired\":true,\"valueName\":\"search_term_string\"}}],\"inLanguage\":\"hr\"},{\"@type\":\"Organization\",\"@id\":\"https:\/\/www.ortorea.hr\/public\/#organization\",\"name\":\"Orto Rea\",\"url\":\"https:\/\/www.ortorea.hr\/public\/\",\"logo\":{\"@type\":\"ImageObject\",\"inLanguage\":\"hr\",\"@id\":\"https:\/\/www.ortorea.hr\/public\/#\/schema\/logo\/image\/\",\"url\":\"https:\/\/www.ortorea.hr\/public\/wp-content\/uploads\/2020\/08\/Orto-rea-logo-512x512-1.jpg\",\"contentUrl\":\"https:\/\/www.ortorea.hr\/public\/wp-content\/uploads\/2020\/08\/Orto-rea-logo-512x512-1.jpg\",\"width\":512,\"height\":512,\"caption\":\"Orto Rea\"},\"image\":{\"@id\":\"https:\/\/www.ortorea.hr\/public\/#\/schema\/logo\/image\/\"},\"sameAs\":[\"https:\/\/www.facebook.com\/pages\/category\/Disability-Service\/Orto-Rea-229051924128695\/\",\"https:\/\/www.youtube.com\/channel\/UC6hWAJF9VHxOxHe8Eo90OSQ\"]}]}<\/script>\n<!-- \/ Yoast SEO plugin. -->","yoast_head_json":{"title":"Naru\u010di uz doznaku - Orto Rea","robots":{"index":"index","follow":"follow","max-snippet":"max-snippet:-1","max-image-preview":"max-image-preview:large","max-video-preview":"max-video-preview:-1"},"canonical":"https:\/\/www.ortorea.hr\/public\/naruci-uz-doznaku\/","og_locale":"hr_HR","og_type":"article","og_title":"NOVO - NARU\u010cITE PREKO E - DOZNAKE","og_description":"Bez odlaska u poslovnicu, naru\u010dite svoje pomagalo preko e-doznake putem na\u0161eg obrasca.","og_url":"https:\/\/www.ortorea.hr\/public\/naruci-uz-doznaku\/","og_site_name":"Orto Rea","article_publisher":"https:\/\/www.facebook.com\/pages\/category\/Disability-Service\/Orto-Rea-229051924128695\/","article_modified_time":"2021-01-11T12:46:50+00:00","og_image":[{"width":1200,"height":630,"url":"https:\/\/www.ortorea.hr\/public\/wp-content\/uploads\/2021\/01\/E-doznaka-OR-1200-online-Orto-rea.jpg","type":"image\/jpeg"}],"twitter_card":"summary_large_image","schema":{"@context":"https:\/\/schema.org","@graph":[{"@type":"WebPage","@id":"https:\/\/www.ortorea.hr\/public\/naruci-uz-doznaku\/","url":"https:\/\/www.ortorea.hr\/public\/naruci-uz-doznaku\/","name":"Naru\u010di uz doznaku - Orto Rea","isPartOf":{"@id":"https:\/\/www.ortorea.hr\/public\/#website"},"primaryImageOfPage":{"@id":"https:\/\/www.ortorea.hr\/public\/naruci-uz-doznaku\/#primaryimage"},"image":{"@id":"https:\/\/www.ortorea.hr\/public\/naruci-uz-doznaku\/#primaryimage"},"thumbnailUrl":"http:\/\/www.ortorea.hr\/wp-content\/uploads\/2020\/11\/doznaka-1.png","datePublished":"2020-11-16T14:35:19+00:00","dateModified":"2021-01-11T12:46:50+00:00","breadcrumb":{"@id":"https:\/\/www.ortorea.hr\/public\/naruci-uz-doznaku\/#breadcrumb"},"inLanguage":"hr","potentialAction":[{"@type":"ReadAction","target":["https:\/\/www.ortorea.hr\/public\/naruci-uz-doznaku\/"]}]},{"@type":"ImageObject","inLanguage":"hr","@id":"https:\/\/www.ortorea.hr\/public\/naruci-uz-doznaku\/#primaryimage","url":"http:\/\/www.ortorea.hr\/wp-content\/uploads\/2020\/11\/doznaka-1.png","contentUrl":"http:\/\/www.ortorea.hr\/wp-content\/uploads\/2020\/11\/doznaka-1.png"},{"@type":"BreadcrumbList","@id":"https:\/\/www.ortorea.hr\/public\/naruci-uz-doznaku\/#breadcrumb","itemListElement":[{"@type":"ListItem","position":1,"name":"Po\u010detna stranica","item":"https:\/\/www.ortorea.hr\/public\/"},{"@type":"ListItem","position":2,"name":"Naru\u010di uz doznaku"}]},{"@type":"WebSite","@id":"https:\/\/www.ortorea.hr\/public\/#website","url":"https:\/\/www.ortorea.hr\/public\/","name":"Orto Rea","description":"ortopedska i medicinska pomagala","publisher":{"@id":"https:\/\/www.ortorea.hr\/public\/#organization"},"potentialAction":[{"@type":"SearchAction","target":{"@type":"EntryPoint","urlTemplate":"https:\/\/www.ortorea.hr\/public\/?s={search_term_string}"},"query-input":{"@type":"PropertyValueSpecification","valueRequired":true,"valueName":"search_term_string"}}],"inLanguage":"hr"},{"@type":"Organization","@id":"https:\/\/www.ortorea.hr\/public\/#organization","name":"Orto Rea","url":"https:\/\/www.ortorea.hr\/public\/","logo":{"@type":"ImageObject","inLanguage":"hr","@id":"https:\/\/www.ortorea.hr\/public\/#\/schema\/logo\/image\/","url":"https:\/\/www.ortorea.hr\/public\/wp-content\/uploads\/2020\/08\/Orto-rea-logo-512x512-1.jpg","contentUrl":"https:\/\/www.ortorea.hr\/public\/wp-content\/uploads\/2020\/08\/Orto-rea-logo-512x512-1.jpg","width":512,"height":512,"caption":"Orto Rea"},"image":{"@id":"https:\/\/www.ortorea.hr\/public\/#\/schema\/logo\/image\/"},"sameAs":["https:\/\/www.facebook.com\/pages\/category\/Disability-Service\/Orto-Rea-229051924128695\/","https:\/\/www.youtube.com\/channel\/UC6hWAJF9VHxOxHe8Eo90OSQ"]}]}},"_links":{"self":[{"href":"https:\/\/www.ortorea.hr\/public\/wp-json\/wp\/v2\/pages\/2263","targetHints":{"allow":["GET"]}}],"collection":[{"href":"https:\/\/www.ortorea.hr\/public\/wp-json\/wp\/v2\/pages"}],"about":[{"href":"https:\/\/www.ortorea.hr\/public\/wp-json\/wp\/v2\/types\/page"}],"author":[{"embeddable":true,"href":"https:\/\/www.ortorea.hr\/public\/wp-json\/wp\/v2\/users\/4"}],"replies":[{"embeddable":true,"href":"https:\/\/www.ortorea.hr\/public\/wp-json\/wp\/v2\/comments?post=2263"}],"version-history":[{"count":13,"href":"https:\/\/www.ortorea.hr\/public\/wp-json\/wp\/v2\/pages\/2263\/revisions"}],"predecessor-version":[{"id":2863,"href":"https:\/\/www.ortorea.hr\/public\/wp-json\/wp\/v2\/pages\/2263\/revisions\/2863"}],"wp:attachment":[{"href":"https:\/\/www.ortorea.hr\/public\/wp-json\/wp\/v2\/media?parent=2263"}],"curies":[{"name":"wp","href":"https:\/\/api.w.org\/{rel}","templated":true}]}}